{"id":100,"date":"2023-05-02T14:44:38","date_gmt":"2023-05-02T14:44:38","guid":{"rendered":"https:\/\/regiontchologo.ci\/?page_id=100"},"modified":"2026-02-18T08:13:53","modified_gmt":"2026-02-18T08:13:53","slug":"historique","status":"publish","type":"page","link":"https:\/\/regiontchologo.ci\/index.php\/historique\/","title":{"rendered":"Historique"},"content":{"rendered":"<div id=\"metaslider-id-103\" style=\"width: 100%;\" class=\"ml-slider-3-109-0 metaslider metaslider-flex metaslider-103 ml-slider has-dots-nav ms-theme-default\" role=\"region\" aria-label=\"Historique\" data-height=\"300\" data-width=\"700\">\n    <div id=\"metaslider_container_103\">\n        <div id=\"metaslider_103\">\n            <ul class='slides'>\n                <li style=\"display: block; width: 100%;\" class=\"slide-104 ms-image \" aria-roledescription=\"slide\" data-date=\"2023-05-02 14:47:55\" data-filename=\"bg-700x300.jpg\" data-slide-type=\"image\"><img loading=\"lazy\" decoding=\"async\" src=\"https:\/\/regiontchologo.ci\/wp-content\/uploads\/2023\/05\/bg-700x300.jpg\" height=\"300\" width=\"700\" alt=\"\" class=\"slider-103 slide-104 msDefaultImage\" title=\"bg\" \/><\/li>\n            <\/ul>\n        <\/div>\n        \n    <\/div>\n<\/div>\n\n\n\n<p>A l\u2019origine, les populations de la R\u00e9gion du Tchologo \u00e9taient<\/p>\n\n\n\n<p>rattach\u00e9es aux groupes <strong>senoufo<\/strong> et <strong>koulango<\/strong>. Ce peuplement se serait fait par groupes successifs. En terme de statistiques, les <strong>Niarafolo <\/strong>seraient venus de <strong>Gnangbo <\/strong>et<strong> <\/strong>constituent l\u2019ethnie dominante dans le chef-lieu de r\u00e9gion. Ensuite viennent les <strong>Pallakas<\/strong> venus de <strong>Dabakala<\/strong>, les Logons qui vivent \u00e0 <strong>Koumbala<\/strong> et <strong>Togoni\u00e9r\u00e9<\/strong>, les <strong>Gbins<\/strong> venus de Banfora, se sont install\u00e9s \u00e0 Ouangolodougou. Les <strong>Tiembaras<\/strong> vivant \u00e0 Diawala, Niell\u00e9 et Toumoukoro. Enfin les <strong>Malink\u00e9s<\/strong> vivant \u00e0 Kong, Ouangolodougou et Kaouara.<\/p>\n\n\n\n<h2 class=\"wp-block-heading\">Organisation soci\u00e9tale<\/h2>\n\n\n\n<p>La soci\u00e9t\u00e9 S\u00e9noufo est organis\u00e9e autour d&rsquo;une puissante valeur culturelle et spirituelle incarn\u00e9e par le rite Tchologo d&rsquo;o\u00f9 la R\u00e9gion tire son nom.<\/p>\n\n\n\n<p>L&rsquo;oganisation traditionnelle repose essentiellement sur le <strong><em>Poro<\/em><\/strong>, rite initiatique ancestrale, qui a pour but la purification des citoyens en vue de leur entr\u00e9e dans la soci\u00e9t\u00e9 des \u00ab\u00a0hommes\u00a0\u00bb.<\/p>\n\n\n\n<h2 class=\"wp-block-heading\">Economie<\/h2>\n\n\n\n<p>L&rsquo;\u00e9conomie de la R\u00e9gion du Tchologo est essentiellement bas\u00e9e sur l&rsquo;agriculture et l&rsquo;\u00e9l\u00e9vage.<\/p>\n\n\n\n<p>Les principaux secteurs d&rsquo;activit\u00e9s sont les suivants:<\/p>\n\n\n\n<h3 class=\"wp-block-heading\">Secteur Primaire<\/h3>\n\n\n\n<ul class=\"wp-block-list\">\n<li><strong>Agriculture<\/strong>\n<ul class=\"wp-block-list\">\n<li><strong><em>Cultures de rente<\/em><\/strong>\n<ul class=\"wp-block-list\">\n<li><em>Coton :<\/em><strong><em> 71 672 ha<\/em><\/strong><\/li>\n\n\n\n<li><em>Anacarde :<\/em><strong><em> 8 619 ha<\/em><\/strong><\/li>\n\n\n\n<li><em>Mangue :<\/em><strong><em> 4 951 ha<\/em><\/strong><\/li>\n\n\n\n<li><em>Canne \u00e0 sucre : <\/em><strong><em>14 600 ha<\/em><\/strong><\/li>\n<\/ul>\n<\/li>\n\n\n\n<li><strong><em>Cultures vivri\u00e8res<\/em><\/strong>\n<ul class=\"wp-block-list\">\n<li><em>Ma\u00efs :<\/em><strong><em> 50 285 ha<\/em><\/strong><\/li>\n\n\n\n<li><em>Arachide :<\/em><strong><em> 14 274 ha<\/em><\/strong><\/li>\n\n\n\n<li><em>Riz :<\/em><strong><em> 11 484 ha (riz pluvial et irrigu\u00e9)<\/em><\/strong><\/li>\n\n\n\n<li><em>Igname :<\/em><strong><em> 2 408 ha<\/em><\/strong><\/li>\n<\/ul>\n<\/li>\n\n\n\n<li><strong><em>Cultures mara\u00eech\u00e8res<\/em><\/strong>\n<ul class=\"wp-block-list\">\n<li><em>Oignon : <strong>1 604 ha<\/strong><\/em><\/li>\n\n\n\n<li><em>Tomate : <strong>5 235 ha<\/strong><\/em><\/li>\n\n\n\n<li><em>Aubergine :<\/em><strong><em> 335 ha<\/em><\/strong><\/li>\n\n\n\n<li><em>Piment :<\/em><strong><em> 313 ha<\/em><\/strong><\/li>\n\n\n\n<li><em>Gombo :<\/em><strong><em> 265 ha<\/em><\/strong><\/li>\n\n\n\n<li><em>Chou : <\/em><strong><em>38 ha<\/em><\/strong><\/li>\n\n\n\n<li><em>Concombre :<\/em><strong><em> 30 ha<\/em><\/strong><\/li>\n<\/ul>\n<\/li>\n\n\n\n<li><strong><em>Autres cultures<\/em><\/strong>\n<ul class=\"wp-block-list\">\n<li>N\u00e9r\u00e9<\/li>\n\n\n\n<li>Karit\u00e9<\/li>\n<\/ul>\n<\/li>\n<\/ul>\n<\/li>\n<\/ul>\n\n\n\n<h3 class=\"wp-block-heading\">Secteur Secondaire<\/h3>\n\n\n\n<ul class=\"wp-block-list\">\n<li><strong>Industrie et agro-industrie<\/strong>: <\/li>\n<\/ul>\n\n\n\n<p>Le secteur industriel est peu d\u00e9velopp\u00e9. On note la pr\u00e9sence de l\u2019unit\u00e9 de traitement de coton (<strong>SECO<\/strong>), de transformation de la canne \u00e0 sucre (<strong>SUCAF-CI<\/strong>) et la <strong>Boucherie Moderne<\/strong>. Il y a aussi de petites unit\u00e9s de d\u00e9corticage de noix de cajou, de riz, de traitement de karit\u00e9 et de mangues s\u00e9ch\u00e9es<\/p>\n\n\n\n<h3 class=\"wp-block-heading\">Secteur Tertiaire<\/h3>\n\n\n\n<p>Le secteur tertiaire est en net progr\u00e8s<strong>. <\/strong>Les agences de t\u00e9l\u00e9phonie mobile en sont la parfaite illustration (Orange, MTN, Moov).<\/p>\n\n\n\n<p>On peut \u00e9galement citer les banques et microfinances:<\/p>\n\n\n\n<ul class=\"wp-block-list\">\n<li><strong><em>BNI<\/em><\/strong><\/li>\n\n\n\n<li><strong><em>SGBCI<\/em><\/strong><\/li>\n\n\n\n<li><strong><em>BICICI<\/em><\/strong><\/li>\n\n\n\n<li><strong><em>BACI<\/em><\/strong><\/li>\n\n\n\n<li><strong><em>SIB<\/em><\/strong><\/li>\n\n\n\n<li><strong><em>BANQUE POPULAIRE<\/em><\/strong><\/li>\n\n\n\n<li><strong><em>NSIA<\/em><\/strong><\/li>\n\n\n\n<li><strong><em>BANQUE DU TRESOR<\/em><\/strong><\/li>\n\n\n\n<li><strong><em>Et de micro finances (COOPEC-CEPCI-BAOBAB-CAURI)<\/em><\/strong><\/li>\n<\/ul>\n","protected":false},"excerpt":{"rendered":"<p>A l\u2019origine, les populations de la R\u00e9gion du Tchologo \u00e9taient rattach\u00e9es aux groupes senoufo et<\/p>\n","protected":false},"author":1,"featured_media":0,"parent":0,"menu_order":0,"comment_status":"closed","ping_status":"closed","template":"","meta":{"_monsterinsights_skip_tracking":false,"_monsterinsights_sitenote_active":false,"_monsterinsights_sitenote_note":"","_monsterinsights_sitenote_category":0,"footnotes":""},"class_list":["post-100","page","type-page","status-publish","hentry"],"_links":{"self":[{"href":"https:\/\/regiontchologo.ci\/index.php\/wp-json\/wp\/v2\/pages\/100","targetHints":{"allow":["GET"]}}],"collection":[{"href":"https:\/\/regiontchologo.ci\/index.php\/wp-json\/wp\/v2\/pages"}],"about":[{"href":"https:\/\/regiontchologo.ci\/index.php\/wp-json\/wp\/v2\/types\/page"}],"author":[{"embeddable":true,"href":"https:\/\/regiontchologo.ci\/index.php\/wp-json\/wp\/v2\/users\/1"}],"replies":[{"embeddable":true,"href":"https:\/\/regiontchologo.ci\/index.php\/wp-json\/wp\/v2\/comments?post=100"}],"version-history":[{"count":5,"href":"https:\/\/regiontchologo.ci\/index.php\/wp-json\/wp\/v2\/pages\/100\/revisions"}],"predecessor-version":[{"id":1419,"href":"https:\/\/regiontchologo.ci\/index.php\/wp-json\/wp\/v2\/pages\/100\/revisions\/1419"}],"wp:attachment":[{"href":"https:\/\/regiontchologo.ci\/index.php\/wp-json\/wp\/v2\/media?parent=100"}],"curies":[{"name":"wp","href":"https:\/\/api.w.org\/{rel}","templated":true}]}}