{"id":117,"date":"2023-05-02T17:03:00","date_gmt":"2023-05-02T17:03:00","guid":{"rendered":"https:\/\/regiontchologo.ci\/?page_id=117"},"modified":"2023-08-31T16:47:43","modified_gmt":"2023-08-31T16:47:43","slug":"education","status":"publish","type":"page","link":"https:\/\/regiontchologo.ci\/index.php\/education\/","title":{"rendered":"Education"},"content":{"rendered":"\n<p>Les nombreux investissements de l\u2019Etat et des collectivit\u00e9s d\u00e9centralis\u00e9es, ont relev\u00e9 le niveau de l\u2019\u00e9ducation dans la r\u00e9gion.<\/p>\n\n\n\n<p>&nbsp;La <strong>DRENA<\/strong> se compose de <strong>470<\/strong> Ecoles (<strong>395<\/strong> Primaires et <strong>75<\/strong> Maternelles), <strong>37<\/strong> Etablissements d\u2019Enseignement Secondaires et <strong>06<\/strong> Etablissements de formation Technique et Professionnelle. On trouve \u00e9galement l\u2019existence d\u2019\u00e9coles confessionnelles dont <strong>60<\/strong> structures islamiques avec <strong>228<\/strong> salles de classes pour un effectif de <strong>7371<\/strong> \u00e9l\u00e8ves. Les filles au nombre de <strong>3244<\/strong> repr\u00e9sentent <strong>44,01%<\/strong> des apprenants.<\/p>\n\n\n\n<p>Sur les <strong>soixante (60<\/strong>) <strong>S<\/strong>tructures <strong>I<\/strong>slamiques d\u2019<strong>E<\/strong>ducation (<strong>S.I.E<\/strong>), cinq (05) sont totalement int\u00e9gr\u00e9es au syst\u00e8me \u00e9ducatif formel (reconnues par l\u2019Etat de C\u00f4te d\u2019Ivoire) et <strong>quinze (15) <\/strong>sont \u00e9ligibles \u00e0 l\u2019int\u00e9gration soit un taux d\u2019environ <strong>25%<\/strong>.<\/p>\n\n\n\n<p><\/p>\n","protected":false},"excerpt":{"rendered":"<p>Les nombreux investissements de l\u2019Etat et des collectivit\u00e9s d\u00e9centralis\u00e9es, ont relev\u00e9 le niveau de l\u2019\u00e9ducation<\/p>\n","protected":false},"author":1,"featured_media":0,"parent":0,"menu_order":0,"comment_status":"closed","ping_status":"closed","template":"","meta":{"_monsterinsights_skip_tracking":false,"_monsterinsights_sitenote_active":false,"_monsterinsights_sitenote_note":"","_monsterinsights_sitenote_category":0,"footnotes":""},"class_list":["post-117","page","type-page","status-publish","hentry"],"_links":{"self":[{"href":"https:\/\/regiontchologo.ci\/index.php\/wp-json\/wp\/v2\/pages\/117","targetHints":{"allow":["GET"]}}],"collection":[{"href":"https:\/\/regiontchologo.ci\/index.php\/wp-json\/wp\/v2\/pages"}],"about":[{"href":"https:\/\/regiontchologo.ci\/index.php\/wp-json\/wp\/v2\/types\/page"}],"author":[{"embeddable":true,"href":"https:\/\/regiontchologo.ci\/index.php\/wp-json\/wp\/v2\/users\/1"}],"replies":[{"embeddable":true,"href":"https:\/\/regiontchologo.ci\/index.php\/wp-json\/wp\/v2\/comments?post=117"}],"version-history":[{"count":8,"href":"https:\/\/regiontchologo.ci\/index.php\/wp-json\/wp\/v2\/pages\/117\/revisions"}],"predecessor-version":[{"id":394,"href":"https:\/\/regiontchologo.ci\/index.php\/wp-json\/wp\/v2\/pages\/117\/revisions\/394"}],"wp:attachment":[{"href":"https:\/\/regiontchologo.ci\/index.php\/wp-json\/wp\/v2\/media?parent=117"}],"curies":[{"name":"wp","href":"https:\/\/api.w.org\/{rel}","templated":true}]}}