{"id":121,"date":"2023-05-02T17:09:37","date_gmt":"2023-05-02T17:09:37","guid":{"rendered":"https:\/\/regiontchologo.ci\/?page_id=121"},"modified":"2023-05-02T18:12:24","modified_gmt":"2023-05-02T18:12:24","slug":"tourisme","status":"publish","type":"page","link":"https:\/\/regiontchologo.ci\/index.php\/tourisme\/","title":{"rendered":"Tourisme"},"content":{"rendered":"\n<p>Le tourisme, malgr\u00e9 les \u00e9normes potentialit\u00e9s, ce secteur, faute de circuit-touristique, reste inexploit\u00e9. On peut y d\u00e9couvrir n\u00e9anmoins:<\/p>\n\n\n<div class=\"wp-block-image\">\n<figure class=\"aligncenter size-full\"><img loading=\"lazy\" decoding=\"async\" width=\"800\" height=\"534\" src=\"https:\/\/regiontchologo.ci\/wp-content\/uploads\/2023\/05\/kongmosquee.jpg\" alt=\"\" class=\"wp-image-74\" srcset=\"https:\/\/regiontchologo.ci\/wp-content\/uploads\/2023\/05\/kongmosquee.jpg 800w, https:\/\/regiontchologo.ci\/wp-content\/uploads\/2023\/05\/kongmosquee-300x200.jpg 300w, https:\/\/regiontchologo.ci\/wp-content\/uploads\/2023\/05\/kongmosquee-768x513.jpg 768w\" sizes=\"auto, (max-width: 800px) 100vw, 800px\" \/><figcaption class=\"wp-element-caption\">La Mosqu\u00e9e de KONG (Patrimoine mondial de l&rsquo;UNESCO)<\/figcaption><\/figure>\n<\/div>\n\n<div class=\"wp-block-image\">\n<figure class=\"aligncenter size-large\"><img loading=\"lazy\" decoding=\"async\" width=\"1024\" height=\"576\" src=\"https:\/\/regiontchologo.ci\/wp-content\/uploads\/2023\/05\/kawala-1024x576.jpeg\" alt=\"\" class=\"wp-image-131\" srcset=\"https:\/\/regiontchologo.ci\/wp-content\/uploads\/2023\/05\/kawala-1024x576.jpeg 1024w, https:\/\/regiontchologo.ci\/wp-content\/uploads\/2023\/05\/kawala-300x169.jpeg 300w, https:\/\/regiontchologo.ci\/wp-content\/uploads\/2023\/05\/kawala-768x432.jpeg 768w, https:\/\/regiontchologo.ci\/wp-content\/uploads\/2023\/05\/kawala.jpeg 1080w\" sizes=\"auto, (max-width: 1024px) 100vw, 1024px\" \/><figcaption class=\"wp-element-caption\">Mosqu\u00e9e de Kaoura (Patrimoine mondial de l&rsquo;UNESCO)<\/figcaption><\/figure>\n<\/div>\n\n<div class=\"wp-block-image\">\n<figure class=\"aligncenter size-full is-resized\"><img loading=\"lazy\" decoding=\"async\" src=\"https:\/\/regiontchologo.ci\/wp-content\/uploads\/2023\/05\/comoe.jpeg\" alt=\"\" class=\"wp-image-132\" width=\"838\" height=\"367\" srcset=\"https:\/\/regiontchologo.ci\/wp-content\/uploads\/2023\/05\/comoe.jpeg 681w, https:\/\/regiontchologo.ci\/wp-content\/uploads\/2023\/05\/comoe-300x131.jpeg 300w\" sizes=\"auto, (max-width: 838px) 100vw, 838px\" \/><figcaption class=\"wp-element-caption\">Le Parc National de la Como\u00e9 (Patrimoine mondial de l&rsquo;UNESCO)<\/figcaption><\/figure>\n<\/div>\n\n\n<h2 class=\"wp-block-heading\">H\u00d4TELERIE<\/h2>\n\n\n\n<ul class=\"wp-block-list\">\n<li><strong><em>H\u00f4tels de grand standing<\/em><\/strong>\n<ul class=\"wp-block-list\">\n<li><em>SOGECOH: 01-73-15-23-15\/07-79-01-15-87\/07-02-72-85-37 (Ferk\u00e9)<\/em><\/li>\n\n\n\n<li><em>INTERNATIONAL HOTEL FOUNDARA (Pogo)<\/em><\/li>\n\n\n\n<li><em>PEPOUSSE : 07-59-71-71-79 (Ferkess\u00e9dougou)<\/em><\/li>\n\n\n\n<li><em>SOGECOH:01-73-15-23-15\/07-02-72-85-37\/07-79-01-15-87(Kong)<\/em><\/li>\n\n\n\n<li><em>KAFOLO SAFARI LODGE (Kong-Kafolo)<\/em><\/li>\n\n\n\n<li><em>HOTEL KAFOLO: 07-88-80-80-05 (Kong-Kafolo)<\/em><\/li>\n\n\n\n<li><em>HOTEL FRATERNITE: 00225 07-67-37-77-60 (Ouangolo-Lal\u00e9raba)<\/em><\/li>\n<\/ul>\n<\/li>\n\n\n\n<li><strong><em>H\u00f4tels de moyen standing<\/em><\/strong>\n<ul class=\"wp-block-list\">\n<li><em>AGUIE KOANIN: 01-72-00-11-51\/ 07-89-90-39-05 (Ferk\u00e9)<\/em><\/li>\n\n\n\n<li><em>POUFIRE: 01-51-81-82-83\/ 07-07-86-53-92 (Ferk\u00e9)<\/em><\/li>\n\n\n\n<li><em>LA GRACE: 07-48-31-43-42\/ 01-01-93-27-30\/ 27-34-76-01-48 (Ferk\u00e9)<\/em><\/li>\n\n\n\n<li><em>AUBERGE DES FLEURS: 05-06-67-93-54\/ 07-87-62-78-72 (Ferk\u00e9)<\/em><\/li>\n\n\n\n<li><em>HOTEL RESIDENTIEL: 05-56-50-56-07 (Ferk\u00e9)<\/em><\/li>\n\n\n\n<li><em>HOTEL PELIKAN: 00225 07-57-14-25-61 (Ferk\u00e9)<\/em><\/li>\n\n\n\n<li><em>HOTEL RELAX: 00225 07-88-80-80-05 (Ferk\u00e9)<\/em><\/li>\n\n\n\n<li><em>BELLE VUE: 07-48-49-10-07 (Ouangolo)<\/em><\/li>\n\n\n\n<li><em>DESCHAMPS:07-08-15-20-44\/01-40-40-64-24\/07-07-28-09-49 (Ouangolo)<\/em><\/li>\n\n\n\n<li><em>BAOBAB: (Ouangolo)<\/em><\/li>\n\n\n\n<li><em>AMITIE : (Ouangolo)<\/em><\/li>\n\n\n\n<li><em>HOTEL NIANZOU: (Diawala)<\/em><\/li>\n\n\n\n<li><em>HOTEL BALLA: (Diawala)<\/em><\/li>\n<\/ul>\n<\/li>\n<\/ul>\n","protected":false},"excerpt":{"rendered":"<p>Le tourisme, malgr\u00e9 les \u00e9normes potentialit\u00e9s, ce secteur, faute de circuit-touristique, reste inexploit\u00e9. On peut<\/p>\n","protected":false},"author":1,"featured_media":0,"parent":0,"menu_order":0,"comment_status":"closed","ping_status":"closed","template":"","meta":{"_monsterinsights_skip_tracking":false,"_monsterinsights_sitenote_active":false,"_monsterinsights_sitenote_note":"","_monsterinsights_sitenote_category":0,"footnotes":""},"class_list":["post-121","page","type-page","status-publish","hentry"],"_links":{"self":[{"href":"https:\/\/regiontchologo.ci\/index.php\/wp-json\/wp\/v2\/pages\/121","targetHints":{"allow":["GET"]}}],"collection":[{"href":"https:\/\/regiontchologo.ci\/index.php\/wp-json\/wp\/v2\/pages"}],"about":[{"href":"https:\/\/regiontchologo.ci\/index.php\/wp-json\/wp\/v2\/types\/page"}],"author":[{"embeddable":true,"href":"https:\/\/regiontchologo.ci\/index.php\/wp-json\/wp\/v2\/users\/1"}],"replies":[{"embeddable":true,"href":"https:\/\/regiontchologo.ci\/index.php\/wp-json\/wp\/v2\/comments?post=121"}],"version-history":[{"count":3,"href":"https:\/\/regiontchologo.ci\/index.php\/wp-json\/wp\/v2\/pages\/121\/revisions"}],"predecessor-version":[{"id":137,"href":"https:\/\/regiontchologo.ci\/index.php\/wp-json\/wp\/v2\/pages\/121\/revisions\/137"}],"wp:attachment":[{"href":"https:\/\/regiontchologo.ci\/index.php\/wp-json\/wp\/v2\/media?parent=121"}],"curies":[{"name":"wp","href":"https:\/\/api.w.org\/{rel}","templated":true}]}}